{"id":518,"date":"2023-10-08T23:22:53","date_gmt":"2023-10-08T23:22:53","guid":{"rendered":"https:\/\/care4yourself.net\/dir\/?page_id=518"},"modified":"2023-10-12T01:06:21","modified_gmt":"2023-10-12T01:06:21","slug":"518-2","status":"publish","type":"page","link":"https:\/\/care4yourself.net\/dir\/518-2\/","title":{"rendered":"sobre nosotro"},"content":{"rendered":"\n<figure class=\"wp-block-image alignfull size-large\"><img data-recalc-dims=\"1\" loading=\"lazy\" decoding=\"async\" width=\"843\" height=\"248\" src=\"https:\/\/i0.wp.com\/care4yourself.net\/dir\/wp-content\/uploads\/2023\/10\/nuestraCenter1.jpg?resize=843%2C248&#038;ssl=1\" alt=\"\" class=\"wp-image-515\" srcset=\"https:\/\/i0.wp.com\/care4yourself.net\/dir\/wp-content\/uploads\/2023\/10\/nuestraCenter1.jpg?resize=1024%2C301&amp;ssl=1 1024w, https:\/\/i0.wp.com\/care4yourself.net\/dir\/wp-content\/uploads\/2023\/10\/nuestraCenter1.jpg?resize=300%2C88&amp;ssl=1 300w, https:\/\/i0.wp.com\/care4yourself.net\/dir\/wp-content\/uploads\/2023\/10\/nuestraCenter1.jpg?resize=768%2C226&amp;ssl=1 768w, https:\/\/i0.wp.com\/care4yourself.net\/dir\/wp-content\/uploads\/2023\/10\/nuestraCenter1.jpg?w=1471&amp;ssl=1 1471w\" sizes=\"auto, (max-width: 843px) 100vw, 843px\" \/><\/figure>\n\n\n<div class=\"wp-block-image\">\n<figure class=\"alignleft size-full\"><img data-recalc-dims=\"1\" loading=\"lazy\" decoding=\"async\" width=\"150\" height=\"113\" src=\"https:\/\/i0.wp.com\/care4yourself.net\/dir\/wp-content\/uploads\/2023\/10\/ngcpLogo1.png?resize=150%2C113&#038;ssl=1\" alt=\"\" class=\"wp-image-516\"\/><\/figure>\n<\/div>\n\n\n<p>Nuestra Gente Community Projects, Inc. (NGCPI) es una organizaci\u00f3n sin fines de lucro 501(c) 3 con la misi\u00f3n de mejorar las vidas de las comunidades desatendidas de Toledo. Fundada en Toledo en noviembre de 2008 para servir a la comunidad hispana\/latina, desde entonces ha ampliado su misi\u00f3n y objetivos para la inclusi\u00f3n de todos los miembros de la comunidad necesitados. NGCPI abraza y valora los innumerables beneficios de una comunidad diversa que trabaja junta para el progreso de todos. NGCPI es un defensor de la educaci\u00f3n, la salud y el enriquecimiento general de la vida en el condado de Lucas, Ohio. Anteriormente hemos realizado investigaciones sobre las comunidades hispanas en el noroeste de Ohio, incluido un proyecto exitoso financiado por el Consejo de Humanidades de Ohio que fue cubierto en los medios regionales y compartido en todo Ohio por la Comisi\u00f3n de Asuntos Hispanos y Latinos de Ohio. Tenemos una presencia cada vez mayor en el Old South End y el East Side de Toledo, con la renovaci\u00f3n en curso del Centro Comunitario Nuestra Gente, la apertura de una despensa de alimentos semanal y el lanzamiento del programa Semillitas despu\u00e9s de la escuela y en tiempo de vacaciones. La misi\u00f3n principal de Nuestra Gente es construir una comunidad hispana m\u00e1s saludable y vibrante, centrada en el sur de Toledo. <\/p>\n\n\n\n<p>Nuestra misi\u00f3n comenz\u00f3 con transporte gratuito, servicios de traducci\u00f3n e interpretaci\u00f3n para familias inmigrantes, jornadas de salud gratuitas y un festival de arte anual en el sur de Toledo, y muy pronto nuestra misi\u00f3n se expandi\u00f3 con atender a residentes con inseguridad alimentaria con la apertura de una despensa de comida en el Centro Comunitario Nuestra Gente en Broadway Street. En la \u00faltima d\u00e9cada, nuestros programas han servido a cientos de toledanos de todos los or\u00edgenes culturales al servicio de nuestra misi\u00f3n principal de construir una comunidad m\u00e1s vibrante.<\/p>\n\n\n\n<p>Nos hemos centrado en la construcci\u00f3n de comunidades y en promover y compartir la cultura y la expresi\u00f3n art\u00edstica latinas. Siempre hemos trabajado para unir a las comunidades y dar voz a los que no la tienen. Este proyecto se basa en esa misi\u00f3n central y la refuerza, fomentando una mayor comprensi\u00f3n de nuestros vecinos y profundizando m\u00e1s que las simples narrativas pol\u00edticas para llegar a las historias reales de las personas y, en \u00faltima instancia, ayudarnos a todos a aprender y entendernos mejor unos a otros. Obtenga m\u00e1s informaci\u00f3n en <a href=\"http:\/\/nuestragentecommunityprojects.org\">nuestragentecommunityprojects.org<\/a>. <\/p>\n\n\n\n<p>Este proyecto fue posible gracias a la financiaci\u00f3n de la <a href=\"https:\/\/www.samhsa.gov\/about-us\">Administraci\u00f3n de Servicios de Salud Mental y Abuso de Sustancias<\/a> y la <a href=\"https:\/\/mih.ohio.gov\/\">Comisi\u00f3n de Salud de las Minor\u00edas de Ohio<\/a>.<\/p>\n","protected":false},"excerpt":{"rendered":"<p>Nuestra Gente Community Projects, Inc. (NGCPI) es una organizaci\u00f3n sin fines de lucro 501(c) 3 con la misi\u00f3n de mejorar las vidas de las comunidades&hellip;<\/p>\n","protected":false},"author":1,"featured_media":0,"parent":0,"menu_order":0,"comment_status":"closed","ping_status":"closed","template":"","meta":{"nf_dc_page":"","om_disable_all_campaigns":false,"footnotes":""},"class_list":["post-518","page","type-page","status-publish","hentry"],"yoast_head":"<!-- This site is optimized with the Yoast SEO plugin v27.4 - https:\/\/yoast.com\/product\/yoast-seo-wordpress\/ -->\n<title>sobre nosotro - care4yourelf.net<\/title>\n<meta name=\"robots\" content=\"index, follow, max-snippet:-1, max-image-preview:large, max-video-preview:-1\" \/>\n<link rel=\"canonical\" href=\"https:\/\/care4yourself.net\/dir\/518-2\/\" \/>\n<meta property=\"og:locale\" content=\"en_US\" \/>\n<meta property=\"og:type\" content=\"article\" \/>\n<meta property=\"og:title\" content=\"sobre nosotro - care4yourelf.net\" \/>\n<meta property=\"og:description\" content=\"Nuestra Gente Community Projects, Inc. (NGCPI) es una organizaci\u00f3n sin fines de lucro 501(c) 3 con la misi\u00f3n de mejorar las vidas de las comunidades&hellip;\" \/>\n<meta property=\"og:url\" content=\"https:\/\/care4yourself.net\/dir\/518-2\/\" \/>\n<meta property=\"og:site_name\" content=\"care4yourelf.net\" \/>\n<meta property=\"article:modified_time\" content=\"2023-10-12T01:06:21+00:00\" \/>\n<meta property=\"og:image\" content=\"https:\/\/care4yourself.net\/dir\/wp-content\/uploads\/2023\/10\/nuestraCenter1-1024x301.jpg\" \/>\n<meta name=\"twitter:card\" content=\"summary_large_image\" \/>\n<meta name=\"twitter:label1\" content=\"Est. reading time\" \/>\n\t<meta name=\"twitter:data1\" content=\"3 minutes\" \/>\n<script type=\"application\/ld+json\" class=\"yoast-schema-graph\">{\"@context\":\"https:\\\/\\\/schema.org\",\"@graph\":[{\"@type\":\"WebPage\",\"@id\":\"https:\\\/\\\/care4yourself.net\\\/dir\\\/518-2\\\/\",\"url\":\"https:\\\/\\\/care4yourself.net\\\/dir\\\/518-2\\\/\",\"name\":\"sobre nosotro - care4yourelf.net\",\"isPartOf\":{\"@id\":\"https:\\\/\\\/care4yourself.net\\\/dir\\\/#website\"},\"primaryImageOfPage\":{\"@id\":\"https:\\\/\\\/care4yourself.net\\\/dir\\\/518-2\\\/#primaryimage\"},\"image\":{\"@id\":\"https:\\\/\\\/care4yourself.net\\\/dir\\\/518-2\\\/#primaryimage\"},\"thumbnailUrl\":\"https:\\\/\\\/care4yourself.net\\\/dir\\\/wp-content\\\/uploads\\\/2023\\\/10\\\/nuestraCenter1-1024x301.jpg\",\"datePublished\":\"2023-10-08T23:22:53+00:00\",\"dateModified\":\"2023-10-12T01:06:21+00:00\",\"breadcrumb\":{\"@id\":\"https:\\\/\\\/care4yourself.net\\\/dir\\\/518-2\\\/#breadcrumb\"},\"inLanguage\":\"en-US\",\"potentialAction\":[{\"@type\":\"ReadAction\",\"target\":[\"https:\\\/\\\/care4yourself.net\\\/dir\\\/518-2\\\/\"]}]},{\"@type\":\"ImageObject\",\"inLanguage\":\"en-US\",\"@id\":\"https:\\\/\\\/care4yourself.net\\\/dir\\\/518-2\\\/#primaryimage\",\"url\":\"https:\\\/\\\/i0.wp.com\\\/care4yourself.net\\\/dir\\\/wp-content\\\/uploads\\\/2023\\\/10\\\/nuestraCenter1.jpg?fit=1471%2C432&ssl=1\",\"contentUrl\":\"https:\\\/\\\/i0.wp.com\\\/care4yourself.net\\\/dir\\\/wp-content\\\/uploads\\\/2023\\\/10\\\/nuestraCenter1.jpg?fit=1471%2C432&ssl=1\",\"width\":1471,\"height\":432},{\"@type\":\"BreadcrumbList\",\"@id\":\"https:\\\/\\\/care4yourself.net\\\/dir\\\/518-2\\\/#breadcrumb\",\"itemListElement\":[{\"@type\":\"ListItem\",\"position\":1,\"name\":\"Home\",\"item\":\"https:\\\/\\\/care4yourself.net\\\/dir\\\/\"},{\"@type\":\"ListItem\",\"position\":2,\"name\":\"sobre nosotro\"}]},{\"@type\":\"WebSite\",\"@id\":\"https:\\\/\\\/care4yourself.net\\\/dir\\\/#website\",\"url\":\"https:\\\/\\\/care4yourself.net\\\/dir\\\/\",\"name\":\"care4yourelf.net\\\/quierete.org\",\"description\":\"A bilingual opioid, fentanyl, and drug abuse awareness program adminsitered by Nuestra Gente Community Projects with funding from the Ohio Minority Health Commission; companion website to quierete.org\",\"publisher\":{\"@id\":\"https:\\\/\\\/care4yourself.net\\\/dir\\\/#organization\"},\"potentialAction\":[{\"@type\":\"SearchAction\",\"target\":{\"@type\":\"EntryPoint\",\"urlTemplate\":\"https:\\\/\\\/care4yourself.net\\\/dir\\\/?s={search_term_string}\"},\"query-input\":{\"@type\":\"PropertyValueSpecification\",\"valueRequired\":true,\"valueName\":\"search_term_string\"}}],\"inLanguage\":\"en-US\"},{\"@type\":\"Organization\",\"@id\":\"https:\\\/\\\/care4yourself.net\\\/dir\\\/#organization\",\"name\":\"Nuestra Gente Community Projects, Inc.\",\"url\":\"https:\\\/\\\/care4yourself.net\\\/dir\\\/\",\"logo\":{\"@type\":\"ImageObject\",\"inLanguage\":\"en-US\",\"@id\":\"https:\\\/\\\/care4yourself.net\\\/dir\\\/#\\\/schema\\\/logo\\\/image\\\/\",\"url\":\"https:\\\/\\\/care4yourself.net\\\/dir\\\/wp-content\\\/uploads\\\/2023\\\/09\\\/ngcpLogo1.png\",\"contentUrl\":\"https:\\\/\\\/care4yourself.net\\\/dir\\\/wp-content\\\/uploads\\\/2023\\\/09\\\/ngcpLogo1.png\",\"width\":150,\"height\":113,\"caption\":\"Nuestra Gente Community Projects, Inc.\"},\"image\":{\"@id\":\"https:\\\/\\\/care4yourself.net\\\/dir\\\/#\\\/schema\\\/logo\\\/image\\\/\"}}]}<\/script>\n<!-- \/ Yoast SEO plugin. -->","yoast_head_json":{"title":"sobre nosotro - care4yourelf.net","robots":{"index":"index","follow":"follow","max-snippet":"max-snippet:-1","max-image-preview":"max-image-preview:large","max-video-preview":"max-video-preview:-1"},"canonical":"https:\/\/care4yourself.net\/dir\/518-2\/","og_locale":"en_US","og_type":"article","og_title":"sobre nosotro - care4yourelf.net","og_description":"Nuestra Gente Community Projects, Inc. (NGCPI) es una organizaci\u00f3n sin fines de lucro 501(c) 3 con la misi\u00f3n de mejorar las vidas de las comunidades&hellip;","og_url":"https:\/\/care4yourself.net\/dir\/518-2\/","og_site_name":"care4yourelf.net","article_modified_time":"2023-10-12T01:06:21+00:00","og_image":[{"url":"https:\/\/care4yourself.net\/dir\/wp-content\/uploads\/2023\/10\/nuestraCenter1-1024x301.jpg","type":"","width":"","height":""}],"twitter_card":"summary_large_image","twitter_misc":{"Est. reading time":"3 minutes"},"schema":{"@context":"https:\/\/schema.org","@graph":[{"@type":"WebPage","@id":"https:\/\/care4yourself.net\/dir\/518-2\/","url":"https:\/\/care4yourself.net\/dir\/518-2\/","name":"sobre nosotro - care4yourelf.net","isPartOf":{"@id":"https:\/\/care4yourself.net\/dir\/#website"},"primaryImageOfPage":{"@id":"https:\/\/care4yourself.net\/dir\/518-2\/#primaryimage"},"image":{"@id":"https:\/\/care4yourself.net\/dir\/518-2\/#primaryimage"},"thumbnailUrl":"https:\/\/care4yourself.net\/dir\/wp-content\/uploads\/2023\/10\/nuestraCenter1-1024x301.jpg","datePublished":"2023-10-08T23:22:53+00:00","dateModified":"2023-10-12T01:06:21+00:00","breadcrumb":{"@id":"https:\/\/care4yourself.net\/dir\/518-2\/#breadcrumb"},"inLanguage":"en-US","potentialAction":[{"@type":"ReadAction","target":["https:\/\/care4yourself.net\/dir\/518-2\/"]}]},{"@type":"ImageObject","inLanguage":"en-US","@id":"https:\/\/care4yourself.net\/dir\/518-2\/#primaryimage","url":"https:\/\/i0.wp.com\/care4yourself.net\/dir\/wp-content\/uploads\/2023\/10\/nuestraCenter1.jpg?fit=1471%2C432&ssl=1","contentUrl":"https:\/\/i0.wp.com\/care4yourself.net\/dir\/wp-content\/uploads\/2023\/10\/nuestraCenter1.jpg?fit=1471%2C432&ssl=1","width":1471,"height":432},{"@type":"BreadcrumbList","@id":"https:\/\/care4yourself.net\/dir\/518-2\/#breadcrumb","itemListElement":[{"@type":"ListItem","position":1,"name":"Home","item":"https:\/\/care4yourself.net\/dir\/"},{"@type":"ListItem","position":2,"name":"sobre nosotro"}]},{"@type":"WebSite","@id":"https:\/\/care4yourself.net\/dir\/#website","url":"https:\/\/care4yourself.net\/dir\/","name":"care4yourelf.net\/quierete.org","description":"A bilingual opioid, fentanyl, and drug abuse awareness program adminsitered by Nuestra Gente Community Projects with funding from the Ohio Minority Health Commission; companion website to quierete.org","publisher":{"@id":"https:\/\/care4yourself.net\/dir\/#organization"},"potentialAction":[{"@type":"SearchAction","target":{"@type":"EntryPoint","urlTemplate":"https:\/\/care4yourself.net\/dir\/?s={search_term_string}"},"query-input":{"@type":"PropertyValueSpecification","valueRequired":true,"valueName":"search_term_string"}}],"inLanguage":"en-US"},{"@type":"Organization","@id":"https:\/\/care4yourself.net\/dir\/#organization","name":"Nuestra Gente Community Projects, Inc.","url":"https:\/\/care4yourself.net\/dir\/","logo":{"@type":"ImageObject","inLanguage":"en-US","@id":"https:\/\/care4yourself.net\/dir\/#\/schema\/logo\/image\/","url":"https:\/\/care4yourself.net\/dir\/wp-content\/uploads\/2023\/09\/ngcpLogo1.png","contentUrl":"https:\/\/care4yourself.net\/dir\/wp-content\/uploads\/2023\/09\/ngcpLogo1.png","width":150,"height":113,"caption":"Nuestra Gente Community Projects, Inc."},"image":{"@id":"https:\/\/care4yourself.net\/dir\/#\/schema\/logo\/image\/"}}]}},"jetpack_sharing_enabled":true,"_links":{"self":[{"href":"https:\/\/care4yourself.net\/dir\/wp-json\/wp\/v2\/pages\/518","targetHints":{"allow":["GET"]}}],"collection":[{"href":"https:\/\/care4yourself.net\/dir\/wp-json\/wp\/v2\/pages"}],"about":[{"href":"https:\/\/care4yourself.net\/dir\/wp-json\/wp\/v2\/types\/page"}],"author":[{"embeddable":true,"href":"https:\/\/care4yourself.net\/dir\/wp-json\/wp\/v2\/users\/1"}],"replies":[{"embeddable":true,"href":"https:\/\/care4yourself.net\/dir\/wp-json\/wp\/v2\/comments?post=518"}],"version-history":[{"count":4,"href":"https:\/\/care4yourself.net\/dir\/wp-json\/wp\/v2\/pages\/518\/revisions"}],"predecessor-version":[{"id":545,"href":"https:\/\/care4yourself.net\/dir\/wp-json\/wp\/v2\/pages\/518\/revisions\/545"}],"wp:attachment":[{"href":"https:\/\/care4yourself.net\/dir\/wp-json\/wp\/v2\/media?parent=518"}],"curies":[{"name":"wp","href":"https:\/\/api.w.org\/{rel}","templated":true}]}}