{"id":506,"date":"2023-09-28T15:19:12","date_gmt":"2023-09-28T15:19:12","guid":{"rendered":"https:\/\/care4yourself.net\/dir\/?page_id=506"},"modified":"2023-09-28T15:19:22","modified_gmt":"2023-09-28T15:19:22","slug":"recursos","status":"publish","type":"page","link":"https:\/\/care4yourself.net\/dir\/recursos\/","title":{"rendered":"recursos"},"content":{"rendered":"\n<div class=\"wp-block-columns is-layout-flex wp-container-core-columns-is-layout-9d6595d7 wp-block-columns-is-layout-flex\">\n<div class=\"wp-block-column is-layout-flow wp-block-column-is-layout-flow\">\n<p class=\"has-large-font-size\"><a href=\"https:\/\/www.harbor.org\/\">Harbor<\/a><\/p>\n\n\n\n<p><em><a href=\"tel:419-475-4449\">419-475-4449<\/a><\/em><\/p>\n\n\n\n<p><strong>Qu\u00e9: <\/strong>Proveedor de atenci\u00f3n de salud conductual y abuso de sustancias<\/p>\n\n\n\n<p><strong>Acerca de: <\/strong>\u201cEl equipo de Harbor cree que las personas con enfermedades mentales merecen atenci\u00f3n de la m\u00e1s alta calidad. Para lograrlo, trabajamos juntos para brindar servicios y apoyo de salud mental efectivos y culturalmente apropiados a todos los clientes.\u201d<\/p>\n\n\n\n<p>\u00bfAyuda disponible en espa\u00f1ol?<\/p>\n<\/div>\n\n\n\n<div class=\"wp-block-column is-layout-flow wp-block-column-is-layout-flow\">\n<p class=\"has-large-font-size\"><a href=\"https:\/\/lucascountyhealth.com\/lc-opiate-coalition\/\">Lucas County Opiate Coalition<\/a><\/p>\n\n\n\n<p><em><a href=\"tel:419-213-4160\">419-213-4160<\/a><\/em><\/p>\n\n\n\n<p><strong>Qu\u00e9: <\/strong>Capacitaci\u00f3n sobre Narcan, recursos sobre opioides y m\u00e1s<\/p>\n\n\n\n<p><strong>Acerca de: <\/strong>&#8220;Esta coalici\u00f3n multisectorial, ubicada en el Departamento de Salud del condado de Toledo-Lucas, se re\u00fane trimestralmente para discutir estrategias, intervenciones, prevenci\u00f3n y pol\u00edticas para ayudar a combatir los efectos de la epidemia de opi\u00e1ceos en nuestra comunidad.&#8221;<\/p>\n\n\n\n<p>\u00bfAyuda disponible en espa\u00f1ol?<\/p>\n<\/div>\n<\/div>\n\n\n\n<div class=\"wp-block-columns is-layout-flex wp-container-core-columns-is-layout-9d6595d7 wp-block-columns-is-layout-flex\">\n<div class=\"wp-block-column is-layout-flow wp-block-column-is-layout-flow\">\n<p class=\"has-large-font-size\"><a href=\"https:\/\/www.ohioarc.com\/addiction-resources\/toledo-ohio\/\">Ohio Addiction Recovery Center<\/a><\/p>\n\n\n\n<p><em><a href=\"tel:800-481-8457\">800-481-8457<\/a><\/em><\/p>\n\n\n\n<p><strong>Qu\u00e9: <\/strong>Centro de desintoxicaci\u00f3n y rehabilitaci\u00f3n<\/p>\n\n\n\n<p><strong>Acerca de: <\/strong>&#8220;Ingresar a un centro de rehabilitaci\u00f3n de drogas y alcohol de Toledo puede brindarle a alguien las herramientas, el apoyo y las oportunidades para liberarse de la adicci\u00f3n y construir una nueva vida.&#8221;<\/p>\n\n\n\n<p>\u00bfAyuda disponible en espa\u00f1ol?<\/p>\n<\/div>\n\n\n\n<div class=\"wp-block-column is-layout-flow wp-block-column-is-layout-flow\">\n<p class=\"has-large-font-size\"><a href=\"https:\/\/www.facebook.com\/rescuemhas\/\">Rescue Mental Health and Addiction Services<\/a><\/p>\n\n\n\n<p><em><a href=\"tel:419-255-3125\">419-255-3125<\/a><\/em><\/p>\n\n\n\n<p><strong>Qu\u00e9: <\/strong>Centro de prevenci\u00f3n de crisis<\/p>\n\n\n\n<p><strong>Acerca de: <\/strong>&#8220;Brindamos atenci\u00f3n de crisis, recuperaci\u00f3n y servicios de atenci\u00f3n de salud conductual basados \u200b\u200ben evidencia.&#8221;<\/p>\n\n\n\n<p>\u00bfAyuda disponible en espa\u00f1ol?<\/p>\n<\/div>\n<\/div>\n\n\n\n<div class=\"wp-block-columns is-layout-flex wp-container-core-columns-is-layout-9d6595d7 wp-block-columns-is-layout-flex\">\n<div class=\"wp-block-column is-layout-flow wp-block-column-is-layout-flow\">\n<p class=\"has-large-font-size\"><a href=\"https:\/\/www.lcmhrsb.oh.gov\/\">Mental Health and Recovery Services Board<\/a><\/p>\n\n\n\n<p><em><a href=\"tel:419-904-2273\">419-904-2273<\/a><\/em> (CARE)<\/p>\n\n\n\n<p><strong>Qu\u00e9: <\/strong>intervenci\u00f3n en crisis<\/p>\n\n\n\n<p><strong>Acerca de: <\/strong>La Junta tambi\u00e9n ofrece una l\u00ednea de apoyo emocional en <a href=\"tel:419-442-0580\">419-442-0580<\/a>.<\/p>\n\n\n\n<p>\u00bfAyuda disponible en espa\u00f1ol?<\/p>\n<\/div>\n\n\n\n<div class=\"wp-block-column is-layout-flow wp-block-column-is-layout-flow\">\n<p class=\"has-large-font-size\"><a href=\"http:\/\/newconceptsiop.org\/index.html\">New Concepts<\/a><\/p>\n\n\n\n<p><em><a href=\"tel:419-531-5544\">419-531-5544<\/a><\/em><\/p>\n\n\n\n<p><strong>Qu\u00e9:<\/strong> Centro de tratamiento de drogadicci\u00f3n<\/p>\n\n\n\n<p><strong>Acerca de: <\/strong>&#8220;New Concepts es una agencia religiosa de asesoramiento ambulatorio sobre trastornos por uso de sustancias y salud mental para pacientes ambulatorios.&#8221;<\/p>\n\n\n\n<p>\u00bfAyuda disponible en espa\u00f1ol? Si<\/p>\n<\/div>\n<\/div>\n\n\n\n<div class=\"wp-block-columns is-layout-flex wp-container-core-columns-is-layout-9d6595d7 wp-block-columns-is-layout-flex\">\n<div class=\"wp-block-column is-layout-flow wp-block-column-is-layout-flow\">\n<p class=\"has-large-font-size\"><a href=\"https:\/\/wordpress.naohio.org\/\">Narcotics Anonymous<\/a><\/p>\n\n\n\n<p><a href=\"tel:1-800-587-4232\"><em>1-800\u2013587\u20134232<\/em><\/a><\/p>\n\n\n\n<p><strong>Qu\u00e9: <\/strong>Recuperaci\u00f3n y apoyo a las adicciones<\/p>\n\n\n\n<p>\u00bfAyuda disponible en espa\u00f1ol?<\/p>\n<\/div>\n\n\n\n<div class=\"wp-block-column is-layout-flow wp-block-column-is-layout-flow\">\n<p class=\"has-large-font-size\"><a href=\"https:\/\/toledoareaha.com\/\">Toledo Area Heroin Anonymous<\/a><\/p>\n\n\n\n<p><strong>Qu\u00e9: <\/strong>Recuperaci\u00f3n y apoyo a la adicci\u00f3n a los opi\u00e1ceos<\/p>\n\n\n\n<p><strong>Acerca de: <\/strong>Encuentre reuniones en el sitio web vinculado.<\/p>\n\n\n\n<p>\u00bfAyuda disponible en espa\u00f1ol?<\/p>\n<\/div>\n<\/div>\n","protected":false},"excerpt":{"rendered":"<p>Harbor 419-475-4449 Qu\u00e9: Proveedor de atenci\u00f3n de salud conductual y abuso de sustancias Acerca de: \u201cEl equipo de Harbor cree que las personas con enfermedades&hellip;<\/p>\n","protected":false},"author":1,"featured_media":0,"parent":0,"menu_order":0,"comment_status":"closed","ping_status":"closed","template":"","meta":{"nf_dc_page":"","om_disable_all_campaigns":false,"footnotes":""},"class_list":["post-506","page","type-page","status-publish","hentry"],"yoast_head":"<!-- This site is optimized with the Yoast SEO plugin v27.4 - https:\/\/yoast.com\/product\/yoast-seo-wordpress\/ -->\n<title>recursos - care4yourelf.net<\/title>\n<meta name=\"robots\" content=\"index, follow, max-snippet:-1, max-image-preview:large, max-video-preview:-1\" \/>\n<link rel=\"canonical\" href=\"https:\/\/care4yourself.net\/dir\/recursos\/\" \/>\n<meta property=\"og:locale\" content=\"en_US\" \/>\n<meta property=\"og:type\" content=\"article\" \/>\n<meta property=\"og:title\" content=\"recursos - care4yourelf.net\" \/>\n<meta property=\"og:description\" content=\"Harbor 419-475-4449 Qu\u00e9: Proveedor de atenci\u00f3n de salud conductual y abuso de sustancias Acerca de: \u201cEl equipo de Harbor cree que las personas con enfermedades&hellip;\" \/>\n<meta property=\"og:url\" content=\"https:\/\/care4yourself.net\/dir\/recursos\/\" \/>\n<meta property=\"og:site_name\" content=\"care4yourelf.net\" \/>\n<meta property=\"article:modified_time\" content=\"2023-09-28T15:19:22+00:00\" \/>\n<meta name=\"twitter:card\" content=\"summary_large_image\" \/>\n<meta name=\"twitter:label1\" content=\"Est. reading time\" \/>\n\t<meta name=\"twitter:data1\" content=\"2 minutes\" \/>\n<script type=\"application\/ld+json\" class=\"yoast-schema-graph\">{\"@context\":\"https:\\\/\\\/schema.org\",\"@graph\":[{\"@type\":\"WebPage\",\"@id\":\"https:\\\/\\\/care4yourself.net\\\/dir\\\/recursos\\\/\",\"url\":\"https:\\\/\\\/care4yourself.net\\\/dir\\\/recursos\\\/\",\"name\":\"recursos - care4yourelf.net\",\"isPartOf\":{\"@id\":\"https:\\\/\\\/care4yourself.net\\\/dir\\\/#website\"},\"datePublished\":\"2023-09-28T15:19:12+00:00\",\"dateModified\":\"2023-09-28T15:19:22+00:00\",\"breadcrumb\":{\"@id\":\"https:\\\/\\\/care4yourself.net\\\/dir\\\/recursos\\\/#breadcrumb\"},\"inLanguage\":\"en-US\",\"potentialAction\":[{\"@type\":\"ReadAction\",\"target\":[\"https:\\\/\\\/care4yourself.net\\\/dir\\\/recursos\\\/\"]}]},{\"@type\":\"BreadcrumbList\",\"@id\":\"https:\\\/\\\/care4yourself.net\\\/dir\\\/recursos\\\/#breadcrumb\",\"itemListElement\":[{\"@type\":\"ListItem\",\"position\":1,\"name\":\"Home\",\"item\":\"https:\\\/\\\/care4yourself.net\\\/dir\\\/\"},{\"@type\":\"ListItem\",\"position\":2,\"name\":\"recursos\"}]},{\"@type\":\"WebSite\",\"@id\":\"https:\\\/\\\/care4yourself.net\\\/dir\\\/#website\",\"url\":\"https:\\\/\\\/care4yourself.net\\\/dir\\\/\",\"name\":\"care4yourelf.net\\\/quierete.org\",\"description\":\"A bilingual opioid, fentanyl, and drug abuse awareness program adminsitered by Nuestra Gente Community Projects with funding from the Ohio Minority Health Commission; companion website to quierete.org\",\"publisher\":{\"@id\":\"https:\\\/\\\/care4yourself.net\\\/dir\\\/#organization\"},\"potentialAction\":[{\"@type\":\"SearchAction\",\"target\":{\"@type\":\"EntryPoint\",\"urlTemplate\":\"https:\\\/\\\/care4yourself.net\\\/dir\\\/?s={search_term_string}\"},\"query-input\":{\"@type\":\"PropertyValueSpecification\",\"valueRequired\":true,\"valueName\":\"search_term_string\"}}],\"inLanguage\":\"en-US\"},{\"@type\":\"Organization\",\"@id\":\"https:\\\/\\\/care4yourself.net\\\/dir\\\/#organization\",\"name\":\"Nuestra Gente Community Projects, Inc.\",\"url\":\"https:\\\/\\\/care4yourself.net\\\/dir\\\/\",\"logo\":{\"@type\":\"ImageObject\",\"inLanguage\":\"en-US\",\"@id\":\"https:\\\/\\\/care4yourself.net\\\/dir\\\/#\\\/schema\\\/logo\\\/image\\\/\",\"url\":\"https:\\\/\\\/care4yourself.net\\\/dir\\\/wp-content\\\/uploads\\\/2023\\\/09\\\/ngcpLogo1.png\",\"contentUrl\":\"https:\\\/\\\/care4yourself.net\\\/dir\\\/wp-content\\\/uploads\\\/2023\\\/09\\\/ngcpLogo1.png\",\"width\":150,\"height\":113,\"caption\":\"Nuestra Gente Community Projects, Inc.\"},\"image\":{\"@id\":\"https:\\\/\\\/care4yourself.net\\\/dir\\\/#\\\/schema\\\/logo\\\/image\\\/\"}}]}<\/script>\n<!-- \/ Yoast SEO plugin. -->","yoast_head_json":{"title":"recursos - care4yourelf.net","robots":{"index":"index","follow":"follow","max-snippet":"max-snippet:-1","max-image-preview":"max-image-preview:large","max-video-preview":"max-video-preview:-1"},"canonical":"https:\/\/care4yourself.net\/dir\/recursos\/","og_locale":"en_US","og_type":"article","og_title":"recursos - care4yourelf.net","og_description":"Harbor 419-475-4449 Qu\u00e9: Proveedor de atenci\u00f3n de salud conductual y abuso de sustancias Acerca de: \u201cEl equipo de Harbor cree que las personas con enfermedades&hellip;","og_url":"https:\/\/care4yourself.net\/dir\/recursos\/","og_site_name":"care4yourelf.net","article_modified_time":"2023-09-28T15:19:22+00:00","twitter_card":"summary_large_image","twitter_misc":{"Est. reading time":"2 minutes"},"schema":{"@context":"https:\/\/schema.org","@graph":[{"@type":"WebPage","@id":"https:\/\/care4yourself.net\/dir\/recursos\/","url":"https:\/\/care4yourself.net\/dir\/recursos\/","name":"recursos - care4yourelf.net","isPartOf":{"@id":"https:\/\/care4yourself.net\/dir\/#website"},"datePublished":"2023-09-28T15:19:12+00:00","dateModified":"2023-09-28T15:19:22+00:00","breadcrumb":{"@id":"https:\/\/care4yourself.net\/dir\/recursos\/#breadcrumb"},"inLanguage":"en-US","potentialAction":[{"@type":"ReadAction","target":["https:\/\/care4yourself.net\/dir\/recursos\/"]}]},{"@type":"BreadcrumbList","@id":"https:\/\/care4yourself.net\/dir\/recursos\/#breadcrumb","itemListElement":[{"@type":"ListItem","position":1,"name":"Home","item":"https:\/\/care4yourself.net\/dir\/"},{"@type":"ListItem","position":2,"name":"recursos"}]},{"@type":"WebSite","@id":"https:\/\/care4yourself.net\/dir\/#website","url":"https:\/\/care4yourself.net\/dir\/","name":"care4yourelf.net\/quierete.org","description":"A bilingual opioid, fentanyl, and drug abuse awareness program adminsitered by Nuestra Gente Community Projects with funding from the Ohio Minority Health Commission; companion website to quierete.org","publisher":{"@id":"https:\/\/care4yourself.net\/dir\/#organization"},"potentialAction":[{"@type":"SearchAction","target":{"@type":"EntryPoint","urlTemplate":"https:\/\/care4yourself.net\/dir\/?s={search_term_string}"},"query-input":{"@type":"PropertyValueSpecification","valueRequired":true,"valueName":"search_term_string"}}],"inLanguage":"en-US"},{"@type":"Organization","@id":"https:\/\/care4yourself.net\/dir\/#organization","name":"Nuestra Gente Community Projects, Inc.","url":"https:\/\/care4yourself.net\/dir\/","logo":{"@type":"ImageObject","inLanguage":"en-US","@id":"https:\/\/care4yourself.net\/dir\/#\/schema\/logo\/image\/","url":"https:\/\/care4yourself.net\/dir\/wp-content\/uploads\/2023\/09\/ngcpLogo1.png","contentUrl":"https:\/\/care4yourself.net\/dir\/wp-content\/uploads\/2023\/09\/ngcpLogo1.png","width":150,"height":113,"caption":"Nuestra Gente Community Projects, Inc."},"image":{"@id":"https:\/\/care4yourself.net\/dir\/#\/schema\/logo\/image\/"}}]}},"jetpack_sharing_enabled":true,"_links":{"self":[{"href":"https:\/\/care4yourself.net\/dir\/wp-json\/wp\/v2\/pages\/506","targetHints":{"allow":["GET"]}}],"collection":[{"href":"https:\/\/care4yourself.net\/dir\/wp-json\/wp\/v2\/pages"}],"about":[{"href":"https:\/\/care4yourself.net\/dir\/wp-json\/wp\/v2\/types\/page"}],"author":[{"embeddable":true,"href":"https:\/\/care4yourself.net\/dir\/wp-json\/wp\/v2\/users\/1"}],"replies":[{"embeddable":true,"href":"https:\/\/care4yourself.net\/dir\/wp-json\/wp\/v2\/comments?post=506"}],"version-history":[{"count":1,"href":"https:\/\/care4yourself.net\/dir\/wp-json\/wp\/v2\/pages\/506\/revisions"}],"predecessor-version":[{"id":511,"href":"https:\/\/care4yourself.net\/dir\/wp-json\/wp\/v2\/pages\/506\/revisions\/511"}],"wp:attachment":[{"href":"https:\/\/care4yourself.net\/dir\/wp-json\/wp\/v2\/media?parent=506"}],"curies":[{"name":"wp","href":"https:\/\/api.w.org\/{rel}","templated":true}]}}