{"id":476,"date":"2023-09-20T21:21:58","date_gmt":"2023-09-20T21:21:58","guid":{"rendered":"https:\/\/care4yourself.net\/dir\/?page_id=476"},"modified":"2023-09-20T21:22:19","modified_gmt":"2023-09-20T21:22:19","slug":"forma-page","status":"publish","type":"page","link":"https:\/\/care4yourself.net\/dir\/forma-page\/","title":{"rendered":"forma page"},"content":{"rendered":"\n<p>Todos los campos son opcionales, pero proporcione tanta informaci\u00f3n como se sienta c\u00f3modo compartiendo:<\/p>\n\n\n<div class=\"wpforms-container wpforms-container-full wpforms-render-modern\" id=\"wpforms-465\"><form id=\"wpforms-form-465\" class=\"wpforms-validate wpforms-form wpforms-ajax-form\" data-formid=\"465\" method=\"post\" enctype=\"multipart\/form-data\" action=\"\/dir\/wp-json\/wp\/v2\/pages\/476\" data-token=\"ed1ea86cba5a4dfee35e2b718c400d14\"><noscript class=\"wpforms-error-noscript\">Please enable JavaScript in your browser to complete this form.<\/noscript><div class=\"wpforms-hidden\" id=\"wpforms-error-noscript\">Please enable JavaScript in your browser to complete this form.<\/div><div class=\"wpforms-field-container\"><div id=\"wpforms-465-field_1-container\" class=\"wpforms-field wpforms-field-select wpforms-field-select-style-classic\" data-field-id=\"1\"><label class=\"wpforms-field-label\" for=\"wpforms-465-field_1\">\u00bfC\u00f3mo encontraste este sitio?<\/label><select id=\"wpforms-465-field_1\" class=\"wpforms-field-medium\" name=\"wpforms[fields][1]\"><option value=\"Cartelera\"  selected='selected'>Cartelera<\/option><option value=\"Medios de comunicaci\u00f3n social\" >Medios de comunicaci\u00f3n social<\/option><option value=\"Anuncio de peri\u00f3dico\" >Anuncio de peri\u00f3dico<\/option><option value=\"Anuncio de radio\" >Anuncio de radio<\/option><option value=\"Busqueda de internet\" >Busqueda de internet<\/option><option value=\"Referencia de una amiga\" >Referencia de una amiga<\/option><option value=\"Otra\" >Otra<\/option><\/select><\/div><div id=\"wpforms-465-field_3-container\" class=\"wpforms-field wpforms-field-radio\" data-field-id=\"3\"><fieldset><legend class=\"wpforms-field-label\">\u00bfEst\u00e1 buscando ayuda con el abuso de los opioides para usted \u00f3 para algui\u00e9n que conoce?<\/legend><ul id=\"wpforms-465-field_3\"><li class=\"choice-1 depth-1\"><input type=\"radio\" id=\"wpforms-465-field_3_1\" name=\"wpforms[fields][3]\" value=\"Si\" aria-errormessage=\"wpforms-465-field_3_1-error\"  ><label class=\"wpforms-field-label-inline\" for=\"wpforms-465-field_3_1\">Si<\/label><\/li><li class=\"choice-2 depth-1\"><input type=\"radio\" id=\"wpforms-465-field_3_2\" name=\"wpforms[fields][3]\" value=\"No\" aria-errormessage=\"wpforms-465-field_3_2-error\"  ><label class=\"wpforms-field-label-inline\" for=\"wpforms-465-field_3_2\">No<\/label><\/li><\/ul><\/fieldset><\/div><div id=\"wpforms-465-field_4-container\" class=\"wpforms-field wpforms-field-radio\" data-field-id=\"4\"><fieldset><legend class=\"wpforms-field-label\">\u00bfUsted \u00f3 alg\u00fan miembro de su familia ha luchado contra la adicci\u00f3n a los opioides?<\/legend><ul id=\"wpforms-465-field_4\"><li class=\"choice-1 depth-1\"><input type=\"radio\" id=\"wpforms-465-field_4_1\" name=\"wpforms[fields][4]\" value=\"Si\" aria-errormessage=\"wpforms-465-field_4_1-error\"  ><label class=\"wpforms-field-label-inline\" for=\"wpforms-465-field_4_1\">Si<\/label><\/li><li class=\"choice-2 depth-1\"><input type=\"radio\" id=\"wpforms-465-field_4_2\" name=\"wpforms[fields][4]\" value=\"No\" aria-errormessage=\"wpforms-465-field_4_2-error\"  ><label class=\"wpforms-field-label-inline\" for=\"wpforms-465-field_4_2\">No<\/label><\/li><\/ul><\/fieldset><\/div><div id=\"wpforms-465-field_5-container\" class=\"wpforms-field wpforms-field-radio\" data-field-id=\"5\"><fieldset><legend class=\"wpforms-field-label\">\u00bfEn el pasado usted \u00f3 alg\u00fan miembro de su familia ha buscado tratamiento por abuso de sustancias?<\/legend><ul id=\"wpforms-465-field_5\"><li class=\"choice-1 depth-1\"><input type=\"radio\" id=\"wpforms-465-field_5_1\" name=\"wpforms[fields][5]\" value=\"Si\" aria-errormessage=\"wpforms-465-field_5_1-error\"  ><label class=\"wpforms-field-label-inline\" for=\"wpforms-465-field_5_1\">Si<\/label><\/li><li class=\"choice-2 depth-1\"><input type=\"radio\" id=\"wpforms-465-field_5_2\" name=\"wpforms[fields][5]\" value=\"No\" aria-errormessage=\"wpforms-465-field_5_2-error\"  ><label class=\"wpforms-field-label-inline\" for=\"wpforms-465-field_5_2\">No<\/label><\/li><\/ul><\/fieldset><\/div><div id=\"wpforms-465-field_6-container\" class=\"wpforms-field wpforms-field-radio\" data-field-id=\"6\"><fieldset><legend class=\"wpforms-field-label\">\u00bfHan podido los recursos-programas p\u00fablicos ayudarlo a buscar tratamiento \u00f3 prevenir el abuso de sustancias?<\/legend><ul id=\"wpforms-465-field_6\"><li class=\"choice-1 depth-1\"><input type=\"radio\" id=\"wpforms-465-field_6_1\" name=\"wpforms[fields][6]\" value=\"Si\" aria-errormessage=\"wpforms-465-field_6_1-error\"  ><label class=\"wpforms-field-label-inline\" for=\"wpforms-465-field_6_1\">Si<\/label><\/li><li class=\"choice-2 depth-1\"><input type=\"radio\" id=\"wpforms-465-field_6_2\" name=\"wpforms[fields][6]\" value=\"No\" aria-errormessage=\"wpforms-465-field_6_2-error\"  ><label class=\"wpforms-field-label-inline\" for=\"wpforms-465-field_6_2\">No<\/label><\/li><\/ul><\/fieldset><\/div><div id=\"wpforms-465-field_7-container\" class=\"wpforms-field wpforms-field-radio\" data-field-id=\"7\"><fieldset><legend class=\"wpforms-field-label\">\u00bfEste sitio te ha resultado \u00fatil?<\/legend><ul id=\"wpforms-465-field_7\"><li class=\"choice-1 depth-1\"><input type=\"radio\" id=\"wpforms-465-field_7_1\" name=\"wpforms[fields][7]\" value=\"Si\" aria-errormessage=\"wpforms-465-field_7_1-error\"  ><label class=\"wpforms-field-label-inline\" for=\"wpforms-465-field_7_1\">Si<\/label><\/li><li class=\"choice-2 depth-1\"><input type=\"radio\" id=\"wpforms-465-field_7_2\" name=\"wpforms[fields][7]\" value=\"No\" aria-errormessage=\"wpforms-465-field_7_2-error\"  ><label class=\"wpforms-field-label-inline\" for=\"wpforms-465-field_7_2\">No<\/label><\/li><\/ul><\/fieldset><\/div><div id=\"wpforms-465-field_11-container\" class=\"wpforms-field wpforms-field-name\" data-field-id=\"11\"><fieldset><legend class=\"wpforms-field-label\">Nombre (opcional)<\/legend><div class=\"wpforms-field-row wpforms-field-medium\"><div class=\"wpforms-field-row-block wpforms-first wpforms-one-half\"><input type=\"text\" id=\"wpforms-465-field_11\" class=\"wpforms-field-name-first\" name=\"wpforms[fields][11][first]\" aria-errormessage=\"wpforms-465-field_11-error\" ><label for=\"wpforms-465-field_11\" class=\"wpforms-field-sublabel after \">First<\/label><\/div><div class=\"wpforms-field-row-block wpforms-one-half\"><input type=\"text\" id=\"wpforms-465-field_11-last\" class=\"wpforms-field-name-last\" name=\"wpforms[fields][11][last]\" aria-errormessage=\"wpforms-465-field_11-last-error\" ><label for=\"wpforms-465-field_11-last\" class=\"wpforms-field-sublabel after \">Last<\/label><\/div><\/div><\/fieldset><\/div><div id=\"wpforms-465-field_18-container\" class=\"wpforms-field wpforms-field-radio\" data-field-id=\"18\"><fieldset><legend class=\"wpforms-field-label\">Edad<\/legend><ul id=\"wpforms-465-field_18\"><li class=\"choice-1 depth-1\"><input type=\"radio\" id=\"wpforms-465-field_18_1\" name=\"wpforms[fields][18]\" value=\"0-18\" aria-errormessage=\"wpforms-465-field_18_1-error\"  ><label class=\"wpforms-field-label-inline\" for=\"wpforms-465-field_18_1\">0-18<\/label><\/li><li class=\"choice-2 depth-1\"><input type=\"radio\" id=\"wpforms-465-field_18_2\" name=\"wpforms[fields][18]\" value=\"19-35\" aria-errormessage=\"wpforms-465-field_18_2-error\"  ><label class=\"wpforms-field-label-inline\" for=\"wpforms-465-field_18_2\">19-35<\/label><\/li><li class=\"choice-3 depth-1\"><input type=\"radio\" id=\"wpforms-465-field_18_3\" name=\"wpforms[fields][18]\" value=\"36-54\" aria-errormessage=\"wpforms-465-field_18_3-error\"  ><label class=\"wpforms-field-label-inline\" for=\"wpforms-465-field_18_3\">36-54<\/label><\/li><li class=\"choice-4 depth-1\"><input type=\"radio\" id=\"wpforms-465-field_18_4\" name=\"wpforms[fields][18]\" value=\"55+\" aria-errormessage=\"wpforms-465-field_18_4-error\"  ><label class=\"wpforms-field-label-inline\" for=\"wpforms-465-field_18_4\">55+<\/label><\/li><\/ul><\/fieldset><\/div><div id=\"wpforms-465-field_12-container\" class=\"wpforms-field wpforms-field-radio\" data-field-id=\"12\"><fieldset><legend class=\"wpforms-field-label\">Sexo<\/legend><ul id=\"wpforms-465-field_12\"><li class=\"choice-1 depth-1\"><input type=\"radio\" id=\"wpforms-465-field_12_1\" name=\"wpforms[fields][12]\" value=\"Masculino\" aria-errormessage=\"wpforms-465-field_12_1-error\"  ><label class=\"wpforms-field-label-inline\" for=\"wpforms-465-field_12_1\">Masculino<\/label><\/li><li class=\"choice-2 depth-1\"><input type=\"radio\" id=\"wpforms-465-field_12_2\" name=\"wpforms[fields][12]\" value=\"Femenina\" aria-errormessage=\"wpforms-465-field_12_2-error\"  ><label class=\"wpforms-field-label-inline\" for=\"wpforms-465-field_12_2\">Femenina<\/label><\/li><li class=\"choice-3 depth-1\"><input type=\"radio\" id=\"wpforms-465-field_12_3\" name=\"wpforms[fields][12]\" value=\"No binario\" aria-errormessage=\"wpforms-465-field_12_3-error\"  ><label class=\"wpforms-field-label-inline\" for=\"wpforms-465-field_12_3\">No binario<\/label><\/li><\/ul><\/fieldset><\/div><div id=\"wpforms-465-field_14-container\" class=\"wpforms-field wpforms-field-text\" data-field-id=\"14\"><label class=\"wpforms-field-label\" for=\"wpforms-465-field_14\">G\u00e9nero<\/label><input type=\"text\" id=\"wpforms-465-field_14\" class=\"wpforms-field-medium\" name=\"wpforms[fields][14]\" aria-errormessage=\"wpforms-465-field_14-error\" ><\/div><div id=\"wpforms-465-field_19-container\" class=\"wpforms-field wpforms-field-radio\" data-field-id=\"19\"><fieldset><legend class=\"wpforms-field-label\">\u00bfEres hispano o latino?<\/legend><ul id=\"wpforms-465-field_19\"><li class=\"choice-1 depth-1\"><input type=\"radio\" id=\"wpforms-465-field_19_1\" name=\"wpforms[fields][19]\" value=\"Si\" aria-errormessage=\"wpforms-465-field_19_1-error\"  ><label class=\"wpforms-field-label-inline\" for=\"wpforms-465-field_19_1\">Si<\/label><\/li><li class=\"choice-2 depth-1\"><input type=\"radio\" id=\"wpforms-465-field_19_2\" name=\"wpforms[fields][19]\" value=\"No\" aria-errormessage=\"wpforms-465-field_19_2-error\"  ><label class=\"wpforms-field-label-inline\" for=\"wpforms-465-field_19_2\">No<\/label><\/li><\/ul><\/fieldset><\/div><div id=\"wpforms-465-field_20-container\" class=\"wpforms-field wpforms-field-radio\" data-field-id=\"20\"><fieldset><legend class=\"wpforms-field-label\">Raza (categor\u00edas del censo de EE. UU.)<\/legend><ul id=\"wpforms-465-field_20\"><li class=\"choice-1 depth-1\"><input type=\"radio\" id=\"wpforms-465-field_20_1\" name=\"wpforms[fields][20]\" value=\"Blanco\" aria-errormessage=\"wpforms-465-field_20_1-error\"  ><label class=\"wpforms-field-label-inline\" for=\"wpforms-465-field_20_1\">Blanco<\/label><\/li><li class=\"choice-2 depth-1\"><input type=\"radio\" id=\"wpforms-465-field_20_2\" name=\"wpforms[fields][20]\" value=\"Negro\" aria-errormessage=\"wpforms-465-field_20_2-error\"  ><label class=\"wpforms-field-label-inline\" for=\"wpforms-465-field_20_2\">Negro<\/label><\/li><li class=\"choice-3 depth-1\"><input type=\"radio\" id=\"wpforms-465-field_20_3\" name=\"wpforms[fields][20]\" value=\"Nativo Americano\" aria-errormessage=\"wpforms-465-field_20_3-error\"  ><label class=\"wpforms-field-label-inline\" for=\"wpforms-465-field_20_3\">Nativo Americano<\/label><\/li><li class=\"choice-4 depth-1\"><input type=\"radio\" id=\"wpforms-465-field_20_4\" name=\"wpforms[fields][20]\" value=\"Asi\u00e1tica\" aria-errormessage=\"wpforms-465-field_20_4-error\"  ><label class=\"wpforms-field-label-inline\" for=\"wpforms-465-field_20_4\">Asi\u00e1tica<\/label><\/li><li class=\"choice-5 depth-1\"><input type=\"radio\" id=\"wpforms-465-field_20_5\" name=\"wpforms[fields][20]\" value=\"Isle\u00f1o del Pac\u00edfico\" aria-errormessage=\"wpforms-465-field_20_5-error\"  ><label class=\"wpforms-field-label-inline\" for=\"wpforms-465-field_20_5\">Isle\u00f1o del Pac\u00edfico<\/label><\/li><\/ul><\/fieldset><\/div><div id=\"wpforms-465-field_21-container\" class=\"wpforms-field wpforms-field-textarea\" data-field-id=\"21\"><label class=\"wpforms-field-label\" for=\"wpforms-465-field_21\">\u00bfPor qu\u00e9 visitaste este sitio?<\/label><textarea id=\"wpforms-465-field_21\" class=\"wpforms-field-medium\" name=\"wpforms[fields][21]\" aria-errormessage=\"wpforms-465-field_21-error\" ><\/textarea><\/div><div id=\"wpforms-465-field_22-container\" class=\"wpforms-field wpforms-field-textarea\" data-field-id=\"22\"><label class=\"wpforms-field-label\" for=\"wpforms-465-field_22\">Cu\u00e9ntanos tu historia<\/label><textarea id=\"wpforms-465-field_22\" class=\"wpforms-field-medium\" name=\"wpforms[fields][22]\" aria-errormessage=\"wpforms-465-field_22-error\" ><\/textarea><\/div><div id=\"wpforms-465-field_17-container\" class=\"wpforms-field wpforms-field-email\" data-field-id=\"17\"><label class=\"wpforms-field-label\" for=\"wpforms-465-field_17\">Correo electr\u00f3nico<\/label><input type=\"email\" id=\"wpforms-465-field_17\" class=\"wpforms-field-medium\" name=\"wpforms[fields][17]\" spellcheck=\"false\" aria-errormessage=\"wpforms-465-field_17-error\" ><\/div><div id=\"wpforms-465-field_23-container\" class=\"wpforms-field wpforms-field-radio\" data-field-id=\"23\"><fieldset><legend class=\"wpforms-field-label\">\u00bfPodemos comunicarnos con usted para brindarle m\u00e1s informaci\u00f3n sobre recursos para la adicci\u00f3n?<\/legend><ul id=\"wpforms-465-field_23\"><li class=\"choice-1 depth-1\"><input type=\"radio\" id=\"wpforms-465-field_23_1\" name=\"wpforms[fields][23]\" value=\"Si\" aria-errormessage=\"wpforms-465-field_23_1-error\"  ><label class=\"wpforms-field-label-inline\" for=\"wpforms-465-field_23_1\">Si<\/label><\/li><li class=\"choice-2 depth-1\"><input type=\"radio\" id=\"wpforms-465-field_23_2\" name=\"wpforms[fields][23]\" value=\"No\" aria-errormessage=\"wpforms-465-field_23_2-error\"  ><label class=\"wpforms-field-label-inline\" for=\"wpforms-465-field_23_2\">No<\/label><\/li><\/ul><\/fieldset><\/div><\/div><!-- .wpforms-field-container --><div class=\"wpforms-recaptcha-container wpforms-is-recaptcha\" ><div class=\"g-recaptcha\" data-sitekey=\"6Lem-jgoAAAAADyipCr_fAl5cwCHksOfZVn3uV6d\" data-size=\"invisible\"><\/div><\/div><div class=\"wpforms-submit-container\" ><input type=\"hidden\" name=\"wpforms[id]\" value=\"465\"><input type=\"hidden\" name=\"wpforms[author]\" value=\"1\"><button type=\"submit\" name=\"wpforms[submit]\" id=\"wpforms-submit-465\" class=\"wpforms-submit\" data-alt-text=\"Enviando...\" data-submit-text=\"Entregar\" aria-live=\"assertive\" value=\"wpforms-submit\">Entregar<\/button><img loading=\"lazy\" decoding=\"async\" src=\"https:\/\/care4yourself.net\/dir\/wp-content\/plugins\/wpforms\/assets\/images\/submit-spin.svg\" class=\"wpforms-submit-spinner\" style=\"display: none;\" width=\"26\" height=\"26\" alt=\"Loading\"><\/div><\/form><\/div>  <!-- .wpforms-container -->\n","protected":false},"excerpt":{"rendered":"<p>Todos los campos son opcionales, pero proporcione tanta informaci\u00f3n como se sienta c\u00f3modo compartiendo:<\/p>\n","protected":false},"author":1,"featured_media":0,"parent":0,"menu_order":0,"comment_status":"closed","ping_status":"closed","template":"","meta":{"nf_dc_page":"","om_disable_all_campaigns":false,"footnotes":""},"class_list":["post-476","page","type-page","status-publish","hentry"],"yoast_head":"<!-- This site is optimized with the Yoast SEO plugin v27.4 - https:\/\/yoast.com\/product\/yoast-seo-wordpress\/ -->\n<title>forma page - care4yourelf.net<\/title>\n<meta name=\"robots\" content=\"index, follow, max-snippet:-1, max-image-preview:large, max-video-preview:-1\" \/>\n<link rel=\"canonical\" href=\"https:\/\/care4yourself.net\/dir\/forma-page\/\" \/>\n<meta property=\"og:locale\" content=\"en_US\" \/>\n<meta property=\"og:type\" content=\"article\" \/>\n<meta property=\"og:title\" content=\"forma page - care4yourelf.net\" \/>\n<meta property=\"og:description\" content=\"Todos los campos son opcionales, pero proporcione tanta informaci\u00f3n como se sienta c\u00f3modo compartiendo:\" \/>\n<meta property=\"og:url\" content=\"https:\/\/care4yourself.net\/dir\/forma-page\/\" \/>\n<meta property=\"og:site_name\" content=\"care4yourelf.net\" \/>\n<meta property=\"article:modified_time\" content=\"2023-09-20T21:22:19+00:00\" \/>\n<meta name=\"twitter:card\" content=\"summary_large_image\" \/>\n<meta name=\"twitter:label1\" content=\"Est. reading time\" \/>\n\t<meta name=\"twitter:data1\" content=\"1 minute\" \/>\n<script type=\"application\/ld+json\" class=\"yoast-schema-graph\">{\"@context\":\"https:\\\/\\\/schema.org\",\"@graph\":[{\"@type\":\"WebPage\",\"@id\":\"https:\\\/\\\/care4yourself.net\\\/dir\\\/forma-page\\\/\",\"url\":\"https:\\\/\\\/care4yourself.net\\\/dir\\\/forma-page\\\/\",\"name\":\"forma page - care4yourelf.net\",\"isPartOf\":{\"@id\":\"https:\\\/\\\/care4yourself.net\\\/dir\\\/#website\"},\"datePublished\":\"2023-09-20T21:21:58+00:00\",\"dateModified\":\"2023-09-20T21:22:19+00:00\",\"breadcrumb\":{\"@id\":\"https:\\\/\\\/care4yourself.net\\\/dir\\\/forma-page\\\/#breadcrumb\"},\"inLanguage\":\"en-US\",\"potentialAction\":[{\"@type\":\"ReadAction\",\"target\":[\"https:\\\/\\\/care4yourself.net\\\/dir\\\/forma-page\\\/\"]}]},{\"@type\":\"BreadcrumbList\",\"@id\":\"https:\\\/\\\/care4yourself.net\\\/dir\\\/forma-page\\\/#breadcrumb\",\"itemListElement\":[{\"@type\":\"ListItem\",\"position\":1,\"name\":\"Home\",\"item\":\"https:\\\/\\\/care4yourself.net\\\/dir\\\/\"},{\"@type\":\"ListItem\",\"position\":2,\"name\":\"forma page\"}]},{\"@type\":\"WebSite\",\"@id\":\"https:\\\/\\\/care4yourself.net\\\/dir\\\/#website\",\"url\":\"https:\\\/\\\/care4yourself.net\\\/dir\\\/\",\"name\":\"care4yourelf.net\\\/quierete.org\",\"description\":\"A bilingual opioid, fentanyl, and drug abuse awareness program adminsitered by Nuestra Gente Community Projects with funding from the Ohio Minority Health Commission; companion website to quierete.org\",\"publisher\":{\"@id\":\"https:\\\/\\\/care4yourself.net\\\/dir\\\/#organization\"},\"potentialAction\":[{\"@type\":\"SearchAction\",\"target\":{\"@type\":\"EntryPoint\",\"urlTemplate\":\"https:\\\/\\\/care4yourself.net\\\/dir\\\/?s={search_term_string}\"},\"query-input\":{\"@type\":\"PropertyValueSpecification\",\"valueRequired\":true,\"valueName\":\"search_term_string\"}}],\"inLanguage\":\"en-US\"},{\"@type\":\"Organization\",\"@id\":\"https:\\\/\\\/care4yourself.net\\\/dir\\\/#organization\",\"name\":\"Nuestra Gente Community Projects, Inc.\",\"url\":\"https:\\\/\\\/care4yourself.net\\\/dir\\\/\",\"logo\":{\"@type\":\"ImageObject\",\"inLanguage\":\"en-US\",\"@id\":\"https:\\\/\\\/care4yourself.net\\\/dir\\\/#\\\/schema\\\/logo\\\/image\\\/\",\"url\":\"https:\\\/\\\/care4yourself.net\\\/dir\\\/wp-content\\\/uploads\\\/2023\\\/09\\\/ngcpLogo1.png\",\"contentUrl\":\"https:\\\/\\\/care4yourself.net\\\/dir\\\/wp-content\\\/uploads\\\/2023\\\/09\\\/ngcpLogo1.png\",\"width\":150,\"height\":113,\"caption\":\"Nuestra Gente Community Projects, Inc.\"},\"image\":{\"@id\":\"https:\\\/\\\/care4yourself.net\\\/dir\\\/#\\\/schema\\\/logo\\\/image\\\/\"}}]}<\/script>\n<!-- \/ Yoast SEO plugin. -->","yoast_head_json":{"title":"forma page - care4yourelf.net","robots":{"index":"index","follow":"follow","max-snippet":"max-snippet:-1","max-image-preview":"max-image-preview:large","max-video-preview":"max-video-preview:-1"},"canonical":"https:\/\/care4yourself.net\/dir\/forma-page\/","og_locale":"en_US","og_type":"article","og_title":"forma page - care4yourelf.net","og_description":"Todos los campos son opcionales, pero proporcione tanta informaci\u00f3n como se sienta c\u00f3modo compartiendo:","og_url":"https:\/\/care4yourself.net\/dir\/forma-page\/","og_site_name":"care4yourelf.net","article_modified_time":"2023-09-20T21:22:19+00:00","twitter_card":"summary_large_image","twitter_misc":{"Est. reading time":"1 minute"},"schema":{"@context":"https:\/\/schema.org","@graph":[{"@type":"WebPage","@id":"https:\/\/care4yourself.net\/dir\/forma-page\/","url":"https:\/\/care4yourself.net\/dir\/forma-page\/","name":"forma page - care4yourelf.net","isPartOf":{"@id":"https:\/\/care4yourself.net\/dir\/#website"},"datePublished":"2023-09-20T21:21:58+00:00","dateModified":"2023-09-20T21:22:19+00:00","breadcrumb":{"@id":"https:\/\/care4yourself.net\/dir\/forma-page\/#breadcrumb"},"inLanguage":"en-US","potentialAction":[{"@type":"ReadAction","target":["https:\/\/care4yourself.net\/dir\/forma-page\/"]}]},{"@type":"BreadcrumbList","@id":"https:\/\/care4yourself.net\/dir\/forma-page\/#breadcrumb","itemListElement":[{"@type":"ListItem","position":1,"name":"Home","item":"https:\/\/care4yourself.net\/dir\/"},{"@type":"ListItem","position":2,"name":"forma page"}]},{"@type":"WebSite","@id":"https:\/\/care4yourself.net\/dir\/#website","url":"https:\/\/care4yourself.net\/dir\/","name":"care4yourelf.net\/quierete.org","description":"A bilingual opioid, fentanyl, and drug abuse awareness program adminsitered by Nuestra Gente Community Projects with funding from the Ohio Minority Health Commission; companion website to quierete.org","publisher":{"@id":"https:\/\/care4yourself.net\/dir\/#organization"},"potentialAction":[{"@type":"SearchAction","target":{"@type":"EntryPoint","urlTemplate":"https:\/\/care4yourself.net\/dir\/?s={search_term_string}"},"query-input":{"@type":"PropertyValueSpecification","valueRequired":true,"valueName":"search_term_string"}}],"inLanguage":"en-US"},{"@type":"Organization","@id":"https:\/\/care4yourself.net\/dir\/#organization","name":"Nuestra Gente Community Projects, Inc.","url":"https:\/\/care4yourself.net\/dir\/","logo":{"@type":"ImageObject","inLanguage":"en-US","@id":"https:\/\/care4yourself.net\/dir\/#\/schema\/logo\/image\/","url":"https:\/\/care4yourself.net\/dir\/wp-content\/uploads\/2023\/09\/ngcpLogo1.png","contentUrl":"https:\/\/care4yourself.net\/dir\/wp-content\/uploads\/2023\/09\/ngcpLogo1.png","width":150,"height":113,"caption":"Nuestra Gente Community Projects, Inc."},"image":{"@id":"https:\/\/care4yourself.net\/dir\/#\/schema\/logo\/image\/"}}]}},"jetpack_sharing_enabled":true,"_links":{"self":[{"href":"https:\/\/care4yourself.net\/dir\/wp-json\/wp\/v2\/pages\/476","targetHints":{"allow":["GET"]}}],"collection":[{"href":"https:\/\/care4yourself.net\/dir\/wp-json\/wp\/v2\/pages"}],"about":[{"href":"https:\/\/care4yourself.net\/dir\/wp-json\/wp\/v2\/types\/page"}],"author":[{"embeddable":true,"href":"https:\/\/care4yourself.net\/dir\/wp-json\/wp\/v2\/users\/1"}],"replies":[{"embeddable":true,"href":"https:\/\/care4yourself.net\/dir\/wp-json\/wp\/v2\/comments?post=476"}],"version-history":[{"count":2,"href":"https:\/\/care4yourself.net\/dir\/wp-json\/wp\/v2\/pages\/476\/revisions"}],"predecessor-version":[{"id":478,"href":"https:\/\/care4yourself.net\/dir\/wp-json\/wp\/v2\/pages\/476\/revisions\/478"}],"wp:attachment":[{"href":"https:\/\/care4yourself.net\/dir\/wp-json\/wp\/v2\/media?parent=476"}],"curies":[{"name":"wp","href":"https:\/\/api.w.org\/{rel}","templated":true}]}}